{"id":1839,"date":"2025-03-31T17:12:39","date_gmt":"2025-03-31T17:12:39","guid":{"rendered":"https:\/\/aquakita.com\/fr\/?page_id=1839"},"modified":"2025-05-26T04:54:52","modified_gmt":"2025-05-26T04:54:52","slug":"centro-comercial-patio-batel-en-brasil-2","status":"publish","type":"page","link":"https:\/\/aquakita.com\/fr\/proyectos\/centro-comercial-patio-batel-en-brasil-2\/","title":{"rendered":"CENTRO COMERIAL PATIO BATEL EN BRASIL"},"content":{"rendered":"\t\t<div data-elementor-type=\"wp-page\" data-elementor-id=\"1839\" class=\"elementor elementor-1839\" data-elementor-post-type=\"page\">\n\t\t\t\t\t\t<section class=\"elementor-section elementor-top-section elementor-element elementor-element-58752f46 elementor-section-content-middle elementor-section-height-min-height elementor-section-boxed elementor-section-height-default elementor-section-items-middle elementor-invisible\" data-id=\"58752f46\" data-element_type=\"section\" data-e-type=\"section\" data-settings=\"{&quot;background_background&quot;:&quot;video&quot;,&quot;shape_divider_bottom&quot;:&quot;waves&quot;,&quot;background_video_start&quot;:22,&quot;background_video_end&quot;:40,&quot;animation&quot;:&quot;fadeIn&quot;,&quot;ekit_has_onepagescroll_dot&quot;:&quot;yes&quot;}\">\n\t\t\t\t\t\t\t<div class=\"elementor-background-overlay\"><\/div>\n\t\t\t\t\t\t<div class=\"elementor-shape elementor-shape-bottom\" aria-hidden=\"true\" data-negative=\"false\">\n\t\t\t<svg xmlns=\"http:\/\/www.w3.org\/2000\/svg\" viewBox=\"0 0 1000 100\" preserveAspectRatio=\"none\">\n\t<path class=\"elementor-shape-fill\" d=\"M421.9,6.5c22.6-2.5,51.5,0.4,75.5,5.3c23.6,4.9,70.9,23.5,100.5,35.7c75.8,32.2,133.7,44.5,192.6,49.7\n\tc23.6,2.1,48.7,3.5,103.4-2.5c54.7-6,106.2-25.6,106.2-25.6V0H0v30.3c0,0,72,32.6,158.4,30.5c39.2-0.7,92.8-6.7,134-22.4\n\tc21.2-8.1,52.2-18.2,79.7-24.2C399.3,7.9,411.6,7.5,421.9,6.5z\"\/>\n<\/svg>\t\t<\/div>\n\t\t\t\t\t<div class=\"elementor-container elementor-column-gap-default\">\n\t\t\t\t\t<div class=\"elementor-column elementor-col-100 elementor-top-column elementor-element elementor-element-81795f6\" data-id=\"81795f6\" data-element_type=\"column\" data-e-type=\"column\" data-settings=\"{&quot;background_background&quot;:&quot;classic&quot;}\">\n\t\t\t<div class=\"elementor-widget-wrap elementor-element-populated\">\n\t\t\t\t\t<div class=\"elementor-background-overlay\"><\/div>\n\t\t\t\t\t\t<div class=\"elementor-element elementor-element-688afc5 elementor-widget elementor-widget-heading\" data-id=\"688afc5\" data-element_type=\"widget\" data-e-type=\"widget\" data-settings=\"{&quot;ekit_we_effect_on&quot;:&quot;none&quot;}\" data-widget_type=\"heading.default\">\n\t\t\t\t<div class=\"elementor-widget-container\">\n\t\t\t\t\t<h1 class=\"elementor-heading-title elementor-size-default\">Centro Comercial Patio Batel en Brasil<\/h1>\t\t\t\t<\/div>\n\t\t\t\t<\/div>\n\t\t\t\t<div class=\"elementor-element elementor-element-f2c56ca elementor-widget__width-auto elementor-mobile-align-center elementor-widget-mobile__width-inherit elementor-widget elementor-widget-button\" data-id=\"f2c56ca\" data-element_type=\"widget\" data-e-type=\"widget\" data-settings=\"{&quot;ekit_we_effect_on&quot;:&quot;none&quot;}\" data-widget_type=\"button.default\">\n\t\t\t\t<div class=\"elementor-widget-container\">\n\t\t\t\t\t\t\t\t\t<div class=\"elementor-button-wrapper\">\n\t\t\t\t\t<a class=\"elementor-button elementor-button-link elementor-size-sm\" href=\"#contacto\">\n\t\t\t\t\t\t<span class=\"elementor-button-content-wrapper\">\n\t\t\t\t\t\t\t\t\t<span class=\"elementor-button-text\">CONT\u00c1CTANOS<\/span>\n\t\t\t\t\t<\/span>\n\t\t\t\t\t<\/a>\n\t\t\t\t<\/div>\n\t\t\t\t\t\t\t\t<\/div>\n\t\t\t\t<\/div>\n\t\t\t\t\t<\/div>\n\t\t<\/div>\n\t\t\t\t\t<\/div>\n\t\t<\/section>\n\t\t\t\t<section class=\"elementor-section elementor-top-section elementor-element elementor-element-bd9476e elementor-reverse-tablet elementor-reverse-mobile elementor-section-boxed elementor-section-height-default elementor-section-height-default\" data-id=\"bd9476e\" data-element_type=\"section\" data-e-type=\"section\" data-settings=\"{&quot;background_background&quot;:&quot;classic&quot;,&quot;ekit_has_onepagescroll_dot&quot;:&quot;yes&quot;}\">\n\t\t\t\t\t\t<div class=\"elementor-container elementor-column-gap-extended\">\n\t\t\t\t\t<div class=\"elementor-column elementor-col-100 elementor-top-column elementor-element elementor-element-e26b6a4 elementor-invisible\" data-id=\"e26b6a4\" data-element_type=\"column\" data-e-type=\"column\" data-settings=\"{&quot;animation&quot;:&quot;fadeInRight&quot;}\">\n\t\t\t<div class=\"elementor-widget-wrap elementor-element-populated\">\n\t\t\t\t\t\t<div class=\"elementor-element elementor-element-f063800 elementor-hidden-mobile elementor-widget elementor-widget-image\" data-id=\"f063800\" data-element_type=\"widget\" data-e-type=\"widget\" data-settings=\"{&quot;ekit_we_effect_on&quot;:&quot;none&quot;}\" data-widget_type=\"image.default\">\n\t\t\t\t<div class=\"elementor-widget-container\">\n\t\t\t\t\t\t\t\t\t\t\t\t\t\t\t<img decoding=\"async\" src=\"https:\/\/aquakita.com\/fr\/wp-content\/uploads\/elementor\/thumbs\/patio-batel-brasil-r9l9uupkfmrgydmbul1cq673sn1i2vz9dbfo96y0ao.png\" title=\"patio-batel-brasil\" alt=\"patio-batel-brasil\" loading=\"lazy\" \/>\t\t\t\t\t\t\t\t\t\t\t\t\t\t\t<\/div>\n\t\t\t\t<\/div>\n\t\t\t\t<div class=\"elementor-element elementor-element-305e2064 elementor-widget elementor-widget-text-editor\" data-id=\"305e2064\" data-element_type=\"widget\" data-e-type=\"widget\" data-settings=\"{&quot;ekit_we_effect_on&quot;:&quot;none&quot;}\" data-widget_type=\"text-editor.default\">\n\t\t\t\t<div class=\"elementor-widget-container\">\n\t\t\t\t\t\t\t\t\t<p>Tobog\u00e1n en seco \u2013 Centro Comercial P\u00e1tio Batel, Brasil<\/p><p>Aquakita tuvo el honor de colaborar con el prestigioso Centro Comercial P\u00e1tio Batel, en Curitiba, Brasil, con la instalaci\u00f3n de un tobog\u00e1n en seco en el \u00e1rea central; el cual sale del 3er nivel y llega al 1er nivel. Este proyecto combin\u00f3 dise\u00f1o moderno, funcionalidad y seguridad, creando una experiencia divertida para los m\u00e1s peque\u00f1os dentro de un entorno comercial de alto nivel.<\/p><p>El tobog\u00e1n fue dise\u00f1ado para integrarse est\u00e9ticamente con el espacio, aportando un toque l\u00fadico sin romper con la elegancia del centro. Una soluci\u00f3n recreativa que eleva la experiencia del visitante y demuestra c\u00f3mo un solo elemento puede marcar la diferencia.<\/p>\t\t\t\t\t\t\t\t<\/div>\n\t\t\t\t<\/div>\n\t\t\t\t\t<\/div>\n\t\t<\/div>\n\t\t\t\t\t<\/div>\n\t\t<\/section>\n\t\t\t\t<section class=\"elementor-section elementor-top-section elementor-element elementor-element-5c08a8f0 elementor-section-boxed elementor-section-height-default elementor-section-height-default\" data-id=\"5c08a8f0\" data-element_type=\"section\" data-e-type=\"section\" data-settings=\"{&quot;ekit_has_onepagescroll_dot&quot;:&quot;yes&quot;}\">\n\t\t\t\t\t\t<div class=\"elementor-container elementor-column-gap-no\">\n\t\t\t\t\t<div class=\"elementor-column elementor-col-100 elementor-top-column elementor-element elementor-element-62b6f3ab\" data-id=\"62b6f3ab\" data-element_type=\"column\" data-e-type=\"column\">\n\t\t\t<div class=\"elementor-widget-wrap elementor-element-populated\">\n\t\t\t\t\t\t<section class=\"elementor-section elementor-inner-section elementor-element elementor-element-573a178 elementor-section-boxed elementor-section-height-default elementor-section-height-default\" data-id=\"573a178\" data-element_type=\"section\" data-e-type=\"section\" data-settings=\"{&quot;ekit_has_onepagescroll_dot&quot;:&quot;yes&quot;}\">\n\t\t\t\t\t\t<div class=\"elementor-container elementor-column-gap-no\">\n\t\t\t\t\t<div class=\"elementor-column elementor-col-100 elementor-inner-column elementor-element elementor-element-b23ebdb\" data-id=\"b23ebdb\" data-element_type=\"column\" data-e-type=\"column\" data-settings=\"{&quot;background_background&quot;:&quot;classic&quot;}\">\n\t\t\t<div class=\"elementor-widget-wrap elementor-element-populated\">\n\t\t\t\t\t\t<div class=\"elementor-element elementor-element-c481dad elementor-widget elementor-widget-gallery\" data-id=\"c481dad\" data-element_type=\"widget\" data-e-type=\"widget\" data-settings=\"{&quot;gallery_layout&quot;:&quot;masonry&quot;,&quot;columns&quot;:3,&quot;columns_mobile&quot;:2,&quot;gap&quot;:{&quot;unit&quot;:&quot;px&quot;,&quot;size&quot;:30,&quot;sizes&quot;:[]},&quot;lazyload&quot;:&quot;yes&quot;,&quot;columns_tablet&quot;:2,&quot;gap_tablet&quot;:{&quot;unit&quot;:&quot;px&quot;,&quot;size&quot;:10,&quot;sizes&quot;:[]},&quot;gap_mobile&quot;:{&quot;unit&quot;:&quot;px&quot;,&quot;size&quot;:10,&quot;sizes&quot;:[]},&quot;link_to&quot;:&quot;file&quot;,&quot;overlay_background&quot;:&quot;yes&quot;,&quot;content_hover_animation&quot;:&quot;fade-in&quot;,&quot;ekit_we_effect_on&quot;:&quot;none&quot;}\" data-widget_type=\"gallery.default\">\n\t\t\t\t<div class=\"elementor-widget-container\">\n\t\t\t\t\t\t\t<div class=\"elementor-gallery__container\">\n\t\t\t\t\t\t\t<a class=\"e-gallery-item elementor-gallery-item elementor-animated-content\" href=\"https:\/\/aquakita.com\/fr\/wp-content\/smush-webp\/2025\/03\/centro-comercial-patio-batel-en-brasil-2.jpeg.webp\" data-elementor-open-lightbox=\"yes\" data-elementor-lightbox-slideshow=\"c481dad\" data-elementor-lightbox-title=\"centro-comercial-patio-batel-en-brasil 2\" data-e-action-hash=\"#elementor-action%3Aaction%3Dlightbox%26settings%3DeyJpZCI6MTg0MSwidXJsIjoiaHR0cHM6XC9cL2FxdWFraXRhLmNvbVwvZnJcL3dwLWNvbnRlbnRcL3VwbG9hZHNcLzIwMjVcLzAzXC9jZW50cm8tY29tZXJjaWFsLXBhdGlvLWJhdGVsLWVuLWJyYXNpbC0yLmpwZWciLCJzbGlkZXNob3ciOiJjNDgxZGFkIn0%3D\">\n\t\t\t\t\t<div class=\"e-gallery-image elementor-gallery-item__image\" data-thumbnail=\"https:\/\/aquakita.com\/fr\/wp-content\/smush-webp\/2025\/03\/centro-comercial-patio-batel-en-brasil-2.jpeg.webp\" data-width=\"1000\" data-height=\"1500\" aria-label=\"\" role=\"img\" ><\/div>\n\t\t\t\t\t\t\t\t\t\t\t<div class=\"elementor-gallery-item__overlay\"><\/div>\n\t\t\t\t\t\t\t\t\t\t\t\t\t\t<\/a>\n\t\t\t\t\t\t\t<a class=\"e-gallery-item elementor-gallery-item elementor-animated-content\" href=\"https:\/\/aquakita.com\/fr\/wp-content\/smush-webp\/2025\/03\/centro-comercial-patio-batel-en-brasil3.jpeg.webp\" data-elementor-open-lightbox=\"yes\" data-elementor-lightbox-slideshow=\"c481dad\" data-elementor-lightbox-title=\"centro-comercial-patio-batel-en-brasil3\" data-e-action-hash=\"#elementor-action%3Aaction%3Dlightbox%26settings%3DeyJpZCI6MTg0MywidXJsIjoiaHR0cHM6XC9cL2FxdWFraXRhLmNvbVwvZnJcL3dwLWNvbnRlbnRcL3VwbG9hZHNcLzIwMjVcLzAzXC9jZW50cm8tY29tZXJjaWFsLXBhdGlvLWJhdGVsLWVuLWJyYXNpbDMuanBlZyIsInNsaWRlc2hvdyI6ImM0ODFkYWQifQ%3D%3D\">\n\t\t\t\t\t<div class=\"e-gallery-image elementor-gallery-item__image\" data-thumbnail=\"https:\/\/aquakita.com\/fr\/wp-content\/smush-webp\/2025\/03\/centro-comercial-patio-batel-en-brasil3.jpeg.webp\" data-width=\"1000\" data-height=\"1500\" aria-label=\"\" role=\"img\" ><\/div>\n\t\t\t\t\t\t\t\t\t\t\t<div class=\"elementor-gallery-item__overlay\"><\/div>\n\t\t\t\t\t\t\t\t\t\t\t\t\t\t<\/a>\n\t\t\t\t\t\t\t<a class=\"e-gallery-item elementor-gallery-item elementor-animated-content\" href=\"https:\/\/aquakita.com\/fr\/wp-content\/smush-webp\/2025\/03\/centro-comercial-patio-batel-en-brasil4.jpeg.webp\" data-elementor-open-lightbox=\"yes\" data-elementor-lightbox-slideshow=\"c481dad\" data-elementor-lightbox-title=\"centro-comercial-patio-batel-en-brasil4\" data-e-action-hash=\"#elementor-action%3Aaction%3Dlightbox%26settings%3DeyJpZCI6MTg0NCwidXJsIjoiaHR0cHM6XC9cL2FxdWFraXRhLmNvbVwvZnJcL3dwLWNvbnRlbnRcL3VwbG9hZHNcLzIwMjVcLzAzXC9jZW50cm8tY29tZXJjaWFsLXBhdGlvLWJhdGVsLWVuLWJyYXNpbDQuanBlZyIsInNsaWRlc2hvdyI6ImM0ODFkYWQifQ%3D%3D\">\n\t\t\t\t\t<div class=\"e-gallery-image elementor-gallery-item__image\" data-thumbnail=\"https:\/\/aquakita.com\/fr\/wp-content\/smush-webp\/2025\/03\/centro-comercial-patio-batel-en-brasil4.jpeg.webp\" data-width=\"1000\" data-height=\"1500\" aria-label=\"\" role=\"img\" ><\/div>\n\t\t\t\t\t\t\t\t\t\t\t<div class=\"elementor-gallery-item__overlay\"><\/div>\n\t\t\t\t\t\t\t\t\t\t\t\t\t\t<\/a>\n\t\t\t\t\t\t\t<a class=\"e-gallery-item elementor-gallery-item elementor-animated-content\" href=\"https:\/\/aquakita.com\/fr\/wp-content\/smush-webp\/2025\/03\/centro-comercial-patio-batel-en-brasil5.jpeg.webp\" data-elementor-open-lightbox=\"yes\" data-elementor-lightbox-slideshow=\"c481dad\" data-elementor-lightbox-title=\"centro-comercial-patio-batel-en-brasil5\" data-e-action-hash=\"#elementor-action%3Aaction%3Dlightbox%26settings%3DeyJpZCI6MTg0NSwidXJsIjoiaHR0cHM6XC9cL2FxdWFraXRhLmNvbVwvZnJcL3dwLWNvbnRlbnRcL3VwbG9hZHNcLzIwMjVcLzAzXC9jZW50cm8tY29tZXJjaWFsLXBhdGlvLWJhdGVsLWVuLWJyYXNpbDUuanBlZyIsInNsaWRlc2hvdyI6ImM0ODFkYWQifQ%3D%3D\">\n\t\t\t\t\t<div class=\"e-gallery-image elementor-gallery-item__image\" data-thumbnail=\"https:\/\/aquakita.com\/fr\/wp-content\/smush-webp\/2025\/03\/centro-comercial-patio-batel-en-brasil5.jpeg.webp\" data-width=\"1600\" data-height=\"1066\" aria-label=\"\" role=\"img\" ><\/div>\n\t\t\t\t\t\t\t\t\t\t\t<div class=\"elementor-gallery-item__overlay\"><\/div>\n\t\t\t\t\t\t\t\t\t\t\t\t\t\t<\/a>\n\t\t\t\t\t\t\t<a class=\"e-gallery-item elementor-gallery-item elementor-animated-content\" href=\"https:\/\/aquakita.com\/fr\/wp-content\/smush-webp\/2025\/03\/centro-comercial-patio-batel-en-brasil1.jpeg.webp\" data-elementor-open-lightbox=\"yes\" data-elementor-lightbox-slideshow=\"c481dad\" data-elementor-lightbox-title=\"centro-comercial-patio-batel-en-brasil1\" data-e-action-hash=\"#elementor-action%3Aaction%3Dlightbox%26settings%3DeyJpZCI6MTg0MiwidXJsIjoiaHR0cHM6XC9cL2FxdWFraXRhLmNvbVwvZnJcL3dwLWNvbnRlbnRcL3VwbG9hZHNcLzIwMjVcLzAzXC9jZW50cm8tY29tZXJjaWFsLXBhdGlvLWJhdGVsLWVuLWJyYXNpbDEuanBlZyIsInNsaWRlc2hvdyI6ImM0ODFkYWQifQ%3D%3D\">\n\t\t\t\t\t<div class=\"e-gallery-image elementor-gallery-item__image\" data-thumbnail=\"https:\/\/aquakita.com\/fr\/wp-content\/smush-webp\/2025\/03\/centro-comercial-patio-batel-en-brasil1.jpeg.webp\" data-width=\"1500\" data-height=\"1000\" aria-label=\"\" role=\"img\" ><\/div>\n\t\t\t\t\t\t\t\t\t\t\t<div class=\"elementor-gallery-item__overlay\"><\/div>\n\t\t\t\t\t\t\t\t\t\t\t\t\t\t<\/a>\n\t\t\t\t\t<\/div>\n\t\t\t\t\t<\/div>\n\t\t\t\t<\/div>\n\t\t\t\t\t<\/div>\n\t\t<\/div>\n\t\t\t\t\t<\/div>\n\t\t<\/section>\n\t\t\t\t\t<\/div>\n\t\t<\/div>\n\t\t\t\t\t<\/div>\n\t\t<\/section>\n\t\t\t\t<\/div>\n\t\t","protected":false},"excerpt":{"rendered":"<p>Centro Comercial Patio Batel en Brasil CONT\u00c1CTANOS Tobog\u00e1n en seco \u2013 Centro Comercial P\u00e1tio Batel, Brasil Aquakita tuvo el honor de colaborar con el prestigioso Centro Comercial P\u00e1tio Batel, en Curitiba, Brasil, con la instalaci\u00f3n de un tobog\u00e1n en seco en el \u00e1rea central; el cual sale del 3er nivel y llega al 1er nivel.&hellip; <a class=\"more-link\" href=\"https:\/\/aquakita.com\/fr\/proyectos\/centro-comercial-patio-batel-en-brasil-2\/\">Seguir leyendo <span class=\"screen-reader-text\">CENTRO COMERIAL PATIO BATEL EN BRASIL<\/span><\/a><\/p>\n","protected":false},"author":1,"featured_media":1845,"parent":1667,"menu_order":0,"comment_status":"closed","ping_status":"closed","template":"elementor_header_footer","meta":{"_joinchat":[],"footnotes":""},"class_list":["post-1839","page","type-page","status-publish","has-post-thumbnail","hentry","entry"],"yoast_head":"<!-- This site is optimized with the Yoast SEO plugin v27.5 - https:\/\/yoast.com\/product\/yoast-seo-wordpress\/ -->\n<title>CENTRO COMERIAL PATIO BATEL EN BRASIL - Aquakita<\/title>\n<meta name=\"robots\" content=\"index, follow, max-snippet:-1, max-image-preview:large, max-video-preview:-1\" \/>\n<link rel=\"canonical\" href=\"https:\/\/aquakita.com\/fr\/proyectos\/centro-comercial-patio-batel-en-brasil-2\/\" \/>\n<meta property=\"og:locale\" content=\"es_ES\" \/>\n<meta property=\"og:type\" content=\"article\" \/>\n<meta property=\"og:title\" content=\"CENTRO COMERIAL PATIO BATEL EN BRASIL - Aquakita\" \/>\n<meta property=\"og:description\" content=\"Centro Comercial Patio Batel en Brasil CONT\u00c1CTANOS Tobog\u00e1n en seco \u2013 Centro Comercial P\u00e1tio Batel, Brasil Aquakita tuvo el honor de colaborar con el prestigioso Centro Comercial P\u00e1tio Batel, en Curitiba, Brasil, con la instalaci\u00f3n de un tobog\u00e1n en seco en el \u00e1rea central; el cual sale del 3er nivel y llega al 1er nivel.&hellip; Seguir leyendo CENTRO COMERIAL PATIO BATEL EN BRASIL\" \/>\n<meta property=\"og:url\" content=\"https:\/\/aquakita.com\/fr\/proyectos\/centro-comercial-patio-batel-en-brasil-2\/\" \/>\n<meta property=\"og:site_name\" content=\"Aquakita\" \/>\n<meta property=\"article:modified_time\" content=\"2025-05-26T04:54:52+00:00\" \/>\n<meta property=\"og:image\" content=\"https:\/\/aquakita.com\/fr\/wp-content\/uploads\/2025\/03\/centro-comercial-patio-batel-en-brasil5.jpeg\" \/>\n\t<meta property=\"og:image:width\" content=\"1600\" \/>\n\t<meta property=\"og:image:height\" content=\"1066\" \/>\n\t<meta property=\"og:image:type\" content=\"image\/jpeg\" \/>\n<meta name=\"twitter:card\" content=\"summary_large_image\" \/>\n<meta name=\"twitter:label1\" content=\"Tiempo de lectura\" \/>\n\t<meta name=\"twitter:data1\" content=\"1 minuto\" \/>\n<script type=\"application\/ld+json\" class=\"yoast-schema-graph\">{\"@context\":\"https:\\\/\\\/schema.org\",\"@graph\":[{\"@type\":\"WebPage\",\"@id\":\"https:\\\/\\\/aquakita.com\\\/fr\\\/proyectos\\\/centro-comercial-patio-batel-en-brasil-2\\\/\",\"url\":\"https:\\\/\\\/aquakita.com\\\/fr\\\/proyectos\\\/centro-comercial-patio-batel-en-brasil-2\\\/\",\"name\":\"CENTRO COMERIAL PATIO BATEL EN BRASIL - Aquakita\",\"isPartOf\":{\"@id\":\"https:\\\/\\\/aquakita.com\\\/fr\\\/#website\"},\"primaryImageOfPage\":{\"@id\":\"https:\\\/\\\/aquakita.com\\\/fr\\\/proyectos\\\/centro-comercial-patio-batel-en-brasil-2\\\/#primaryimage\"},\"image\":{\"@id\":\"https:\\\/\\\/aquakita.com\\\/fr\\\/proyectos\\\/centro-comercial-patio-batel-en-brasil-2\\\/#primaryimage\"},\"thumbnailUrl\":\"https:\\\/\\\/aquakita.com\\\/fr\\\/wp-content\\\/uploads\\\/2025\\\/03\\\/centro-comercial-patio-batel-en-brasil5.jpeg\",\"datePublished\":\"2025-03-31T17:12:39+00:00\",\"dateModified\":\"2025-05-26T04:54:52+00:00\",\"breadcrumb\":{\"@id\":\"https:\\\/\\\/aquakita.com\\\/fr\\\/proyectos\\\/centro-comercial-patio-batel-en-brasil-2\\\/#breadcrumb\"},\"inLanguage\":\"es\",\"potentialAction\":[{\"@type\":\"ReadAction\",\"target\":[\"https:\\\/\\\/aquakita.com\\\/fr\\\/proyectos\\\/centro-comercial-patio-batel-en-brasil-2\\\/\"]}]},{\"@type\":\"ImageObject\",\"inLanguage\":\"es\",\"@id\":\"https:\\\/\\\/aquakita.com\\\/fr\\\/proyectos\\\/centro-comercial-patio-batel-en-brasil-2\\\/#primaryimage\",\"url\":\"https:\\\/\\\/aquakita.com\\\/fr\\\/wp-content\\\/uploads\\\/2025\\\/03\\\/centro-comercial-patio-batel-en-brasil5.jpeg\",\"contentUrl\":\"https:\\\/\\\/aquakita.com\\\/fr\\\/wp-content\\\/uploads\\\/2025\\\/03\\\/centro-comercial-patio-batel-en-brasil5.jpeg\",\"width\":1600,\"height\":1066},{\"@type\":\"BreadcrumbList\",\"@id\":\"https:\\\/\\\/aquakita.com\\\/fr\\\/proyectos\\\/centro-comercial-patio-batel-en-brasil-2\\\/#breadcrumb\",\"itemListElement\":[{\"@type\":\"ListItem\",\"position\":1,\"name\":\"Portada\",\"item\":\"https:\\\/\\\/aquakita.com\\\/fr\\\/\"},{\"@type\":\"ListItem\",\"position\":2,\"name\":\"PROYECTOS\",\"item\":\"https:\\\/\\\/aquakita.com\\\/fr\\\/proyectos\\\/\"},{\"@type\":\"ListItem\",\"position\":3,\"name\":\"CENTRO COMERIAL PATIO BATEL EN BRASIL\"}]},{\"@type\":\"WebSite\",\"@id\":\"https:\\\/\\\/aquakita.com\\\/fr\\\/#website\",\"url\":\"https:\\\/\\\/aquakita.com\\\/fr\\\/\",\"name\":\"Aquakita\",\"description\":\"La mejor soluci\u00f3n para Juegos Acu\u00e1ticos\",\"publisher\":{\"@id\":\"https:\\\/\\\/aquakita.com\\\/fr\\\/#organization\"},\"potentialAction\":[{\"@type\":\"SearchAction\",\"target\":{\"@type\":\"EntryPoint\",\"urlTemplate\":\"https:\\\/\\\/aquakita.com\\\/fr\\\/?s={search_term_string}\"},\"query-input\":{\"@type\":\"PropertyValueSpecification\",\"valueRequired\":true,\"valueName\":\"search_term_string\"}}],\"inLanguage\":\"es\"},{\"@type\":\"Organization\",\"@id\":\"https:\\\/\\\/aquakita.com\\\/fr\\\/#organization\",\"name\":\"Aquakita\",\"url\":\"https:\\\/\\\/aquakita.com\\\/fr\\\/\",\"logo\":{\"@type\":\"ImageObject\",\"inLanguage\":\"es\",\"@id\":\"https:\\\/\\\/aquakita.com\\\/fr\\\/#\\\/schema\\\/logo\\\/image\\\/\",\"url\":\"https:\\\/\\\/aquakita.com\\\/fr\\\/wp-content\\\/uploads\\\/2025\\\/02\\\/logo-aquakita-header.png\",\"contentUrl\":\"https:\\\/\\\/aquakita.com\\\/fr\\\/wp-content\\\/uploads\\\/2025\\\/02\\\/logo-aquakita-header.png\",\"width\":300,\"height\":236,\"caption\":\"Aquakita\"},\"image\":{\"@id\":\"https:\\\/\\\/aquakita.com\\\/fr\\\/#\\\/schema\\\/logo\\\/image\\\/\"}}]}<\/script>\n<!-- \/ Yoast SEO plugin. -->","yoast_head_json":{"title":"CENTRO COMERIAL PATIO BATEL EN BRASIL - Aquakita","robots":{"index":"index","follow":"follow","max-snippet":"max-snippet:-1","max-image-preview":"max-image-preview:large","max-video-preview":"max-video-preview:-1"},"canonical":"https:\/\/aquakita.com\/fr\/proyectos\/centro-comercial-patio-batel-en-brasil-2\/","og_locale":"es_ES","og_type":"article","og_title":"CENTRO COMERIAL PATIO BATEL EN BRASIL - Aquakita","og_description":"Centro Comercial Patio Batel en Brasil CONT\u00c1CTANOS Tobog\u00e1n en seco \u2013 Centro Comercial P\u00e1tio Batel, Brasil Aquakita tuvo el honor de colaborar con el prestigioso Centro Comercial P\u00e1tio Batel, en Curitiba, Brasil, con la instalaci\u00f3n de un tobog\u00e1n en seco en el \u00e1rea central; el cual sale del 3er nivel y llega al 1er nivel.&hellip; Seguir leyendo CENTRO COMERIAL PATIO BATEL EN BRASIL","og_url":"https:\/\/aquakita.com\/fr\/proyectos\/centro-comercial-patio-batel-en-brasil-2\/","og_site_name":"Aquakita","article_modified_time":"2025-05-26T04:54:52+00:00","og_image":[{"width":1600,"height":1066,"url":"https:\/\/aquakita.com\/fr\/wp-content\/uploads\/2025\/03\/centro-comercial-patio-batel-en-brasil5.jpeg","type":"image\/jpeg"}],"twitter_card":"summary_large_image","twitter_misc":{"Tiempo de lectura":"1 minuto"},"schema":{"@context":"https:\/\/schema.org","@graph":[{"@type":"WebPage","@id":"https:\/\/aquakita.com\/fr\/proyectos\/centro-comercial-patio-batel-en-brasil-2\/","url":"https:\/\/aquakita.com\/fr\/proyectos\/centro-comercial-patio-batel-en-brasil-2\/","name":"CENTRO COMERIAL PATIO BATEL EN BRASIL - Aquakita","isPartOf":{"@id":"https:\/\/aquakita.com\/fr\/#website"},"primaryImageOfPage":{"@id":"https:\/\/aquakita.com\/fr\/proyectos\/centro-comercial-patio-batel-en-brasil-2\/#primaryimage"},"image":{"@id":"https:\/\/aquakita.com\/fr\/proyectos\/centro-comercial-patio-batel-en-brasil-2\/#primaryimage"},"thumbnailUrl":"https:\/\/aquakita.com\/fr\/wp-content\/uploads\/2025\/03\/centro-comercial-patio-batel-en-brasil5.jpeg","datePublished":"2025-03-31T17:12:39+00:00","dateModified":"2025-05-26T04:54:52+00:00","breadcrumb":{"@id":"https:\/\/aquakita.com\/fr\/proyectos\/centro-comercial-patio-batel-en-brasil-2\/#breadcrumb"},"inLanguage":"es","potentialAction":[{"@type":"ReadAction","target":["https:\/\/aquakita.com\/fr\/proyectos\/centro-comercial-patio-batel-en-brasil-2\/"]}]},{"@type":"ImageObject","inLanguage":"es","@id":"https:\/\/aquakita.com\/fr\/proyectos\/centro-comercial-patio-batel-en-brasil-2\/#primaryimage","url":"https:\/\/aquakita.com\/fr\/wp-content\/uploads\/2025\/03\/centro-comercial-patio-batel-en-brasil5.jpeg","contentUrl":"https:\/\/aquakita.com\/fr\/wp-content\/uploads\/2025\/03\/centro-comercial-patio-batel-en-brasil5.jpeg","width":1600,"height":1066},{"@type":"BreadcrumbList","@id":"https:\/\/aquakita.com\/fr\/proyectos\/centro-comercial-patio-batel-en-brasil-2\/#breadcrumb","itemListElement":[{"@type":"ListItem","position":1,"name":"Portada","item":"https:\/\/aquakita.com\/fr\/"},{"@type":"ListItem","position":2,"name":"PROYECTOS","item":"https:\/\/aquakita.com\/fr\/proyectos\/"},{"@type":"ListItem","position":3,"name":"CENTRO COMERIAL PATIO BATEL EN BRASIL"}]},{"@type":"WebSite","@id":"https:\/\/aquakita.com\/fr\/#website","url":"https:\/\/aquakita.com\/fr\/","name":"Aquakita","description":"La mejor soluci\u00f3n para Juegos Acu\u00e1ticos","publisher":{"@id":"https:\/\/aquakita.com\/fr\/#organization"},"potentialAction":[{"@type":"SearchAction","target":{"@type":"EntryPoint","urlTemplate":"https:\/\/aquakita.com\/fr\/?s={search_term_string}"},"query-input":{"@type":"PropertyValueSpecification","valueRequired":true,"valueName":"search_term_string"}}],"inLanguage":"es"},{"@type":"Organization","@id":"https:\/\/aquakita.com\/fr\/#organization","name":"Aquakita","url":"https:\/\/aquakita.com\/fr\/","logo":{"@type":"ImageObject","inLanguage":"es","@id":"https:\/\/aquakita.com\/fr\/#\/schema\/logo\/image\/","url":"https:\/\/aquakita.com\/fr\/wp-content\/uploads\/2025\/02\/logo-aquakita-header.png","contentUrl":"https:\/\/aquakita.com\/fr\/wp-content\/uploads\/2025\/02\/logo-aquakita-header.png","width":300,"height":236,"caption":"Aquakita"},"image":{"@id":"https:\/\/aquakita.com\/fr\/#\/schema\/logo\/image\/"}}]}},"_links":{"self":[{"href":"https:\/\/aquakita.com\/fr\/wp-json\/wp\/v2\/pages\/1839","targetHints":{"allow":["GET"]}}],"collection":[{"href":"https:\/\/aquakita.com\/fr\/wp-json\/wp\/v2\/pages"}],"about":[{"href":"https:\/\/aquakita.com\/fr\/wp-json\/wp\/v2\/types\/page"}],"author":[{"embeddable":true,"href":"https:\/\/aquakita.com\/fr\/wp-json\/wp\/v2\/users\/1"}],"replies":[{"embeddable":true,"href":"https:\/\/aquakita.com\/fr\/wp-json\/wp\/v2\/comments?post=1839"}],"version-history":[{"count":18,"href":"https:\/\/aquakita.com\/fr\/wp-json\/wp\/v2\/pages\/1839\/revisions"}],"predecessor-version":[{"id":3562,"href":"https:\/\/aquakita.com\/fr\/wp-json\/wp\/v2\/pages\/1839\/revisions\/3562"}],"up":[{"embeddable":true,"href":"https:\/\/aquakita.com\/fr\/wp-json\/wp\/v2\/pages\/1667"}],"wp:featuredmedia":[{"embeddable":true,"href":"https:\/\/aquakita.com\/fr\/wp-json\/wp\/v2\/media\/1845"}],"wp:attachment":[{"href":"https:\/\/aquakita.com\/fr\/wp-json\/wp\/v2\/media?parent=1839"}],"curies":[{"name":"wp","href":"https:\/\/api.w.org\/{rel}","templated":true}]}}