{"id":2638,"date":"2025-05-02T23:10:54","date_gmt":"2025-05-02T23:10:54","guid":{"rendered":"https:\/\/aquakita.com\/br\/?page_id=2638"},"modified":"2025-05-26T04:54:41","modified_gmt":"2025-05-26T04:54:41","slug":"parque-acuatico-xocomil","status":"publish","type":"page","link":"https:\/\/aquakita.com\/br\/projetos\/parque-acuatico-xocomil\/","title":{"rendered":"PARQUE ACU\u00c1TICO XOCOMIL"},"content":{"rendered":"\t\t<div data-elementor-type=\"wp-page\" data-elementor-id=\"2638\" class=\"elementor elementor-2638\" data-elementor-post-type=\"page\">\n\t\t\t\t\t\t<section class=\"elementor-section elementor-top-section elementor-element elementor-element-58752f46 elementor-section-content-middle elementor-section-height-min-height elementor-section-boxed elementor-section-height-default elementor-section-items-middle elementor-invisible\" data-id=\"58752f46\" data-element_type=\"section\" data-e-type=\"section\" data-settings=\"{&quot;background_background&quot;:&quot;video&quot;,&quot;shape_divider_bottom&quot;:&quot;waves&quot;,&quot;background_video_start&quot;:22,&quot;background_video_end&quot;:40,&quot;animation&quot;:&quot;fadeIn&quot;,&quot;ekit_has_onepagescroll_dot&quot;:&quot;yes&quot;}\">\n\t\t\t\t\t\t\t<div class=\"elementor-background-overlay\"><\/div>\n\t\t\t\t\t\t<div class=\"elementor-shape elementor-shape-bottom\" aria-hidden=\"true\" data-negative=\"false\">\n\t\t\t<svg xmlns=\"http:\/\/www.w3.org\/2000\/svg\" viewBox=\"0 0 1000 100\" preserveAspectRatio=\"none\">\n\t<path class=\"elementor-shape-fill\" d=\"M421.9,6.5c22.6-2.5,51.5,0.4,75.5,5.3c23.6,4.9,70.9,23.5,100.5,35.7c75.8,32.2,133.7,44.5,192.6,49.7\n\tc23.6,2.1,48.7,3.5,103.4-2.5c54.7-6,106.2-25.6,106.2-25.6V0H0v30.3c0,0,72,32.6,158.4,30.5c39.2-0.7,92.8-6.7,134-22.4\n\tc21.2-8.1,52.2-18.2,79.7-24.2C399.3,7.9,411.6,7.5,421.9,6.5z\"\/>\n<\/svg>\t\t<\/div>\n\t\t\t\t\t<div class=\"elementor-container elementor-column-gap-default\">\n\t\t\t\t\t<div class=\"elementor-column elementor-col-100 elementor-top-column elementor-element elementor-element-81795f6\" data-id=\"81795f6\" data-element_type=\"column\" data-e-type=\"column\" data-settings=\"{&quot;background_background&quot;:&quot;classic&quot;}\">\n\t\t\t<div class=\"elementor-widget-wrap elementor-element-populated\">\n\t\t\t\t\t<div class=\"elementor-background-overlay\"><\/div>\n\t\t\t\t\t\t<div class=\"elementor-element elementor-element-688afc5 elementor-widget elementor-widget-heading\" data-id=\"688afc5\" data-element_type=\"widget\" data-e-type=\"widget\" data-settings=\"{&quot;ekit_we_effect_on&quot;:&quot;none&quot;}\" data-widget_type=\"heading.default\">\n\t\t\t\t<div class=\"elementor-widget-container\">\n\t\t\t\t\t<h1 class=\"elementor-heading-title elementor-size-default\">PARQUE ACU\u00c1TICO XOCOMIL\n<\/h1>\t\t\t\t<\/div>\n\t\t\t\t<\/div>\n\t\t\t\t<div class=\"elementor-element elementor-element-f2c56ca elementor-widget__width-auto elementor-mobile-align-center elementor-widget-mobile__width-inherit elementor-widget elementor-widget-button\" data-id=\"f2c56ca\" data-element_type=\"widget\" data-e-type=\"widget\" data-settings=\"{&quot;ekit_we_effect_on&quot;:&quot;none&quot;}\" data-widget_type=\"button.default\">\n\t\t\t\t<div class=\"elementor-widget-container\">\n\t\t\t\t\t\t\t\t\t<div class=\"elementor-button-wrapper\">\n\t\t\t\t\t<a class=\"elementor-button elementor-button-link elementor-size-sm\" href=\"#contacto\">\n\t\t\t\t\t\t<span class=\"elementor-button-content-wrapper\">\n\t\t\t\t\t\t\t\t\t<span class=\"elementor-button-text\">CONT\u00c1CTANOS<\/span>\n\t\t\t\t\t<\/span>\n\t\t\t\t\t<\/a>\n\t\t\t\t<\/div>\n\t\t\t\t\t\t\t\t<\/div>\n\t\t\t\t<\/div>\n\t\t\t\t\t<\/div>\n\t\t<\/div>\n\t\t\t\t\t<\/div>\n\t\t<\/section>\n\t\t\t\t<section class=\"elementor-section elementor-top-section elementor-element elementor-element-bd9476e elementor-reverse-tablet elementor-reverse-mobile elementor-section-boxed elementor-section-height-default elementor-section-height-default\" data-id=\"bd9476e\" data-element_type=\"section\" data-e-type=\"section\" data-settings=\"{&quot;background_background&quot;:&quot;classic&quot;,&quot;ekit_has_onepagescroll_dot&quot;:&quot;yes&quot;}\">\n\t\t\t\t\t\t<div class=\"elementor-container elementor-column-gap-extended\">\n\t\t\t\t\t<div class=\"elementor-column elementor-col-100 elementor-top-column elementor-element elementor-element-e26b6a4 elementor-invisible\" data-id=\"e26b6a4\" data-element_type=\"column\" data-e-type=\"column\" data-settings=\"{&quot;animation&quot;:&quot;fadeInRight&quot;}\">\n\t\t\t<div class=\"elementor-widget-wrap elementor-element-populated\">\n\t\t\t\t\t\t<div class=\"elementor-element elementor-element-f063800 elementor-hidden-mobile elementor-widget elementor-widget-image\" data-id=\"f063800\" data-element_type=\"widget\" data-e-type=\"widget\" data-settings=\"{&quot;ekit_we_effect_on&quot;:&quot;none&quot;}\" data-widget_type=\"image.default\">\n\t\t\t\t<div class=\"elementor-widget-container\">\n\t\t\t\t\t\t\t\t\t\t\t\t\t\t\t<img decoding=\"async\" src=\"https:\/\/aquakita.com\/br\/wp-content\/uploads\/elementor\/thumbs\/logo-xocomil-e1589232826265-r7w1zxj4b7rdnrtwfed3wkm6i0hka4yka45bu1jytc.png\" title=\"logo-xocomil-e1589232826265\" alt=\"logo-xocomil-e1589232826265\" loading=\"lazy\" \/>\t\t\t\t\t\t\t\t\t\t\t\t\t\t\t<\/div>\n\t\t\t\t<\/div>\n\t\t\t\t<div class=\"elementor-element elementor-element-305e2064 elementor-widget elementor-widget-text-editor\" data-id=\"305e2064\" data-element_type=\"widget\" data-e-type=\"widget\" data-settings=\"{&quot;ekit_we_effect_on&quot;:&quot;none&quot;}\" data-widget_type=\"text-editor.default\">\n\t\t\t\t<div class=\"elementor-widget-container\">\n\t\t\t\t\t\t\t\t\t<p>Es un parque ubicado en Quetzaltenango por la costa sur de Guatemala, en donde puedes disfrutar los m\u00e1s impresionantes juegos acu\u00e1ticos en medio de una exuberante vegetaci\u00f3n y ambiente que nos muestra la imponente arquitectura Maya, asimismo lo m\u00e1s moderno en equipo, instalaciones y comodidades de un parque Acu\u00e1tico de clase Mundial. En 1998 la Asociaci\u00f3n Mundial de Parques Acu\u00e1ticos (WWA) le otorg\u00f3 un reconocimiento como el mejor Parque Acu\u00e1tico del mundo en la categor\u00eda de Innovaci\u00f3n.<\/p>\t\t\t\t\t\t\t\t<\/div>\n\t\t\t\t<\/div>\n\t\t\t\t\t<\/div>\n\t\t<\/div>\n\t\t\t\t\t<\/div>\n\t\t<\/section>\n\t\t\t\t<section class=\"elementor-section elementor-top-section elementor-element elementor-element-5c08a8f0 elementor-section-boxed elementor-section-height-default elementor-section-height-default\" data-id=\"5c08a8f0\" data-element_type=\"section\" data-e-type=\"section\" data-settings=\"{&quot;ekit_has_onepagescroll_dot&quot;:&quot;yes&quot;}\">\n\t\t\t\t\t\t<div class=\"elementor-container elementor-column-gap-no\">\n\t\t\t\t\t<div class=\"elementor-column elementor-col-100 elementor-top-column elementor-element elementor-element-62b6f3ab\" data-id=\"62b6f3ab\" data-element_type=\"column\" data-e-type=\"column\">\n\t\t\t<div class=\"elementor-widget-wrap elementor-element-populated\">\n\t\t\t\t\t\t<section class=\"elementor-section elementor-inner-section elementor-element elementor-element-573a178 elementor-section-boxed elementor-section-height-default elementor-section-height-default\" data-id=\"573a178\" data-element_type=\"section\" data-e-type=\"section\" data-settings=\"{&quot;ekit_has_onepagescroll_dot&quot;:&quot;yes&quot;}\">\n\t\t\t\t\t\t<div class=\"elementor-container elementor-column-gap-no\">\n\t\t\t\t\t<div class=\"elementor-column elementor-col-100 elementor-inner-column elementor-element elementor-element-b23ebdb\" data-id=\"b23ebdb\" data-element_type=\"column\" data-e-type=\"column\" data-settings=\"{&quot;background_background&quot;:&quot;classic&quot;}\">\n\t\t\t<div class=\"elementor-widget-wrap elementor-element-populated\">\n\t\t\t\t\t\t<div class=\"elementor-element elementor-element-c481dad elementor-widget elementor-widget-gallery\" data-id=\"c481dad\" data-element_type=\"widget\" data-e-type=\"widget\" data-settings=\"{&quot;gallery_layout&quot;:&quot;masonry&quot;,&quot;columns&quot;:3,&quot;columns_mobile&quot;:2,&quot;gap&quot;:{&quot;unit&quot;:&quot;px&quot;,&quot;size&quot;:30,&quot;sizes&quot;:[]},&quot;lazyload&quot;:&quot;yes&quot;,&quot;columns_tablet&quot;:2,&quot;gap_tablet&quot;:{&quot;unit&quot;:&quot;px&quot;,&quot;size&quot;:10,&quot;sizes&quot;:[]},&quot;gap_mobile&quot;:{&quot;unit&quot;:&quot;px&quot;,&quot;size&quot;:10,&quot;sizes&quot;:[]},&quot;link_to&quot;:&quot;file&quot;,&quot;overlay_background&quot;:&quot;yes&quot;,&quot;content_hover_animation&quot;:&quot;fade-in&quot;,&quot;ekit_we_effect_on&quot;:&quot;none&quot;}\" data-widget_type=\"gallery.default\">\n\t\t\t\t<div class=\"elementor-widget-container\">\n\t\t\t\t\t\t\t<div class=\"elementor-gallery__container\">\n\t\t\t\t\t\t\t<a class=\"e-gallery-item elementor-gallery-item elementor-animated-content\" href=\"https:\/\/aquakita.com\/br\/wp-content\/uploads\/2025\/05\/INTER-T800-XOCOMIL-Guatemala-7.jpg\" data-elementor-open-lightbox=\"yes\" data-elementor-lightbox-slideshow=\"c481dad\" data-elementor-lightbox-title=\"INTER T800 XOCOMIL-Guatemala (7)\" data-e-action-hash=\"#elementor-action%3Aaction%3Dlightbox%26settings%3DeyJpZCI6Mjc4OCwidXJsIjoiaHR0cHM6XC9cL2FxdWFraXRhLmNvbVwvYnJcL3dwLWNvbnRlbnRcL3VwbG9hZHNcLzIwMjVcLzA1XC9JTlRFUi1UODAwLVhPQ09NSUwtR3VhdGVtYWxhLTcuanBnIiwic2xpZGVzaG93IjoiYzQ4MWRhZCJ9\">\n\t\t\t\t\t<div class=\"e-gallery-image elementor-gallery-item__image\" data-thumbnail=\"https:\/\/aquakita.com\/br\/wp-content\/uploads\/2025\/05\/INTER-T800-XOCOMIL-Guatemala-7.jpg\" data-width=\"889\" data-height=\"600\" aria-label=\"\" role=\"img\" ><\/div>\n\t\t\t\t\t\t\t\t\t\t\t<div class=\"elementor-gallery-item__overlay\"><\/div>\n\t\t\t\t\t\t\t\t\t\t\t\t\t\t<\/a>\n\t\t\t\t\t\t\t<a class=\"e-gallery-item elementor-gallery-item elementor-animated-content\" href=\"https:\/\/aquakita.com\/br\/wp-content\/uploads\/2025\/05\/interactivo-xocomil-guatemala-10.jpg\" data-elementor-open-lightbox=\"yes\" data-elementor-lightbox-slideshow=\"c481dad\" data-elementor-lightbox-title=\"interactivo xocomil guatemala (10)\" data-e-action-hash=\"#elementor-action%3Aaction%3Dlightbox%26settings%3DeyJpZCI6Mjc4OSwidXJsIjoiaHR0cHM6XC9cL2FxdWFraXRhLmNvbVwvYnJcL3dwLWNvbnRlbnRcL3VwbG9hZHNcLzIwMjVcLzA1XC9pbnRlcmFjdGl2by14b2NvbWlsLWd1YXRlbWFsYS0xMC5qcGciLCJzbGlkZXNob3ciOiJjNDgxZGFkIn0%3D\">\n\t\t\t\t\t<div class=\"e-gallery-image elementor-gallery-item__image\" data-thumbnail=\"https:\/\/aquakita.com\/br\/wp-content\/uploads\/2025\/05\/interactivo-xocomil-guatemala-10.jpg\" data-width=\"902\" data-height=\"600\" aria-label=\"\" role=\"img\" ><\/div>\n\t\t\t\t\t\t\t\t\t\t\t<div class=\"elementor-gallery-item__overlay\"><\/div>\n\t\t\t\t\t\t\t\t\t\t\t\t\t\t<\/a>\n\t\t\t\t\t\t\t<a class=\"e-gallery-item elementor-gallery-item elementor-animated-content\" href=\"https:\/\/aquakita.com\/br\/wp-content\/uploads\/2025\/05\/T-700-XOCOMIL-1.jpg\" data-elementor-open-lightbox=\"yes\" data-elementor-lightbox-slideshow=\"c481dad\" data-elementor-lightbox-title=\"T-700 XOCOMIL\" data-e-action-hash=\"#elementor-action%3Aaction%3Dlightbox%26settings%3DeyJpZCI6Mjc5MCwidXJsIjoiaHR0cHM6XC9cL2FxdWFraXRhLmNvbVwvYnJcL3dwLWNvbnRlbnRcL3VwbG9hZHNcLzIwMjVcLzA1XC9ULTcwMC1YT0NPTUlMLTEuanBnIiwic2xpZGVzaG93IjoiYzQ4MWRhZCJ9\">\n\t\t\t\t\t<div class=\"e-gallery-image elementor-gallery-item__image\" data-thumbnail=\"https:\/\/aquakita.com\/br\/wp-content\/uploads\/2025\/05\/T-700-XOCOMIL-1.jpg\" data-width=\"891\" data-height=\"600\" aria-label=\"\" role=\"img\" ><\/div>\n\t\t\t\t\t\t\t\t\t\t\t<div class=\"elementor-gallery-item__overlay\"><\/div>\n\t\t\t\t\t\t\t\t\t\t\t\t\t\t<\/a>\n\t\t\t\t\t<\/div>\n\t\t\t\t\t<\/div>\n\t\t\t\t<\/div>\n\t\t\t\t\t<\/div>\n\t\t<\/div>\n\t\t\t\t\t<\/div>\n\t\t<\/section>\n\t\t\t\t\t<\/div>\n\t\t<\/div>\n\t\t\t\t\t<\/div>\n\t\t<\/section>\n\t\t\t\t<\/div>\n\t\t","protected":false},"excerpt":{"rendered":"<p>PARQUE ACU\u00c1TICO XOCOMIL CONT\u00c1CTANOS Es un parque ubicado en Quetzaltenango por la costa sur de Guatemala, en donde puedes disfrutar los m\u00e1s impresionantes juegos acu\u00e1ticos en medio de una exuberante vegetaci\u00f3n y ambiente que nos muestra la imponente arquitectura Maya, asimismo lo m\u00e1s moderno en equipo, instalaciones y comodidades de un parque Acu\u00e1tico de clase&hellip; <a class=\"more-link\" href=\"https:\/\/aquakita.com\/br\/projetos\/parque-acuatico-xocomil\/\">Seguir leyendo <span class=\"screen-reader-text\">PARQUE ACU\u00c1TICO XOCOMIL<\/span><\/a><\/p>\n","protected":false},"author":1,"featured_media":2747,"parent":1667,"menu_order":0,"comment_status":"closed","ping_status":"closed","template":"elementor_header_footer","meta":{"footnotes":""},"class_list":["post-2638","page","type-page","status-publish","has-post-thumbnail","hentry","entry"],"yoast_head":"<!-- This site is optimized with the Yoast SEO plugin v27.5 - https:\/\/yoast.com\/product\/yoast-seo-wordpress\/ -->\n<title>PARQUE ACU\u00c1TICO XOCOMIL - Aquakita<\/title>\n<meta name=\"robots\" content=\"index, follow, max-snippet:-1, max-image-preview:large, max-video-preview:-1\" \/>\n<link rel=\"canonical\" href=\"https:\/\/aquakita.com\/br\/projetos\/parque-acuatico-xocomil\/\" \/>\n<meta property=\"og:locale\" content=\"es_ES\" \/>\n<meta property=\"og:type\" content=\"article\" \/>\n<meta property=\"og:title\" content=\"PARQUE ACU\u00c1TICO XOCOMIL - Aquakita\" \/>\n<meta property=\"og:description\" content=\"PARQUE ACU\u00c1TICO XOCOMIL CONT\u00c1CTANOS Es un parque ubicado en Quetzaltenango por la costa sur de Guatemala, en donde puedes disfrutar los m\u00e1s impresionantes juegos acu\u00e1ticos en medio de una exuberante vegetaci\u00f3n y ambiente que nos muestra la imponente arquitectura Maya, asimismo lo m\u00e1s moderno en equipo, instalaciones y comodidades de un parque Acu\u00e1tico de clase&hellip; Seguir leyendo PARQUE ACU\u00c1TICO XOCOMIL\" \/>\n<meta property=\"og:url\" content=\"https:\/\/aquakita.com\/br\/projetos\/parque-acuatico-xocomil\/\" \/>\n<meta property=\"og:site_name\" content=\"Aquakita\" \/>\n<meta property=\"article:modified_time\" content=\"2025-05-26T04:54:41+00:00\" \/>\n<meta property=\"og:image\" content=\"https:\/\/aquakita.com\/br\/wp-content\/uploads\/2025\/05\/T-700-XOCOMIL.jpg\" \/>\n\t<meta property=\"og:image:width\" content=\"891\" \/>\n\t<meta property=\"og:image:height\" content=\"600\" \/>\n\t<meta property=\"og:image:type\" content=\"image\/jpeg\" \/>\n<meta name=\"twitter:card\" content=\"summary_large_image\" \/>\n<meta name=\"twitter:label1\" content=\"Tiempo de lectura\" \/>\n\t<meta name=\"twitter:data1\" content=\"1 minuto\" \/>\n<script type=\"application\/ld+json\" class=\"yoast-schema-graph\">{\"@context\":\"https:\\\/\\\/schema.org\",\"@graph\":[{\"@type\":\"WebPage\",\"@id\":\"https:\\\/\\\/aquakita.com\\\/br\\\/projetos\\\/parque-acuatico-xocomil\\\/\",\"url\":\"https:\\\/\\\/aquakita.com\\\/br\\\/projetos\\\/parque-acuatico-xocomil\\\/\",\"name\":\"PARQUE ACU\u00c1TICO XOCOMIL - Aquakita\",\"isPartOf\":{\"@id\":\"https:\\\/\\\/aquakita.com\\\/br\\\/#website\"},\"primaryImageOfPage\":{\"@id\":\"https:\\\/\\\/aquakita.com\\\/br\\\/projetos\\\/parque-acuatico-xocomil\\\/#primaryimage\"},\"image\":{\"@id\":\"https:\\\/\\\/aquakita.com\\\/br\\\/projetos\\\/parque-acuatico-xocomil\\\/#primaryimage\"},\"thumbnailUrl\":\"https:\\\/\\\/aquakita.com\\\/br\\\/wp-content\\\/uploads\\\/2025\\\/05\\\/T-700-XOCOMIL.jpg\",\"datePublished\":\"2025-05-02T23:10:54+00:00\",\"dateModified\":\"2025-05-26T04:54:41+00:00\",\"breadcrumb\":{\"@id\":\"https:\\\/\\\/aquakita.com\\\/br\\\/projetos\\\/parque-acuatico-xocomil\\\/#breadcrumb\"},\"inLanguage\":\"es\",\"potentialAction\":[{\"@type\":\"ReadAction\",\"target\":[\"https:\\\/\\\/aquakita.com\\\/br\\\/projetos\\\/parque-acuatico-xocomil\\\/\"]}]},{\"@type\":\"ImageObject\",\"inLanguage\":\"es\",\"@id\":\"https:\\\/\\\/aquakita.com\\\/br\\\/projetos\\\/parque-acuatico-xocomil\\\/#primaryimage\",\"url\":\"https:\\\/\\\/aquakita.com\\\/br\\\/wp-content\\\/uploads\\\/2025\\\/05\\\/T-700-XOCOMIL.jpg\",\"contentUrl\":\"https:\\\/\\\/aquakita.com\\\/br\\\/wp-content\\\/uploads\\\/2025\\\/05\\\/T-700-XOCOMIL.jpg\",\"width\":891,\"height\":600},{\"@type\":\"BreadcrumbList\",\"@id\":\"https:\\\/\\\/aquakita.com\\\/br\\\/projetos\\\/parque-acuatico-xocomil\\\/#breadcrumb\",\"itemListElement\":[{\"@type\":\"ListItem\",\"position\":1,\"name\":\"Portada\",\"item\":\"https:\\\/\\\/aquakita.com\\\/br\\\/\"},{\"@type\":\"ListItem\",\"position\":2,\"name\":\"PROJETOS\",\"item\":\"https:\\\/\\\/aquakita.com\\\/br\\\/projetos\\\/\"},{\"@type\":\"ListItem\",\"position\":3,\"name\":\"PARQUE ACU\u00c1TICO XOCOMIL\"}]},{\"@type\":\"WebSite\",\"@id\":\"https:\\\/\\\/aquakita.com\\\/br\\\/#website\",\"url\":\"https:\\\/\\\/aquakita.com\\\/br\\\/\",\"name\":\"Aquakita\",\"description\":\"La mejor soluci\u00f3n para Juegos Acu\u00e1ticos\",\"publisher\":{\"@id\":\"https:\\\/\\\/aquakita.com\\\/br\\\/#organization\"},\"potentialAction\":[{\"@type\":\"SearchAction\",\"target\":{\"@type\":\"EntryPoint\",\"urlTemplate\":\"https:\\\/\\\/aquakita.com\\\/br\\\/?s={search_term_string}\"},\"query-input\":{\"@type\":\"PropertyValueSpecification\",\"valueRequired\":true,\"valueName\":\"search_term_string\"}}],\"inLanguage\":\"es\"},{\"@type\":\"Organization\",\"@id\":\"https:\\\/\\\/aquakita.com\\\/br\\\/#organization\",\"name\":\"Aquakita\",\"url\":\"https:\\\/\\\/aquakita.com\\\/br\\\/\",\"logo\":{\"@type\":\"ImageObject\",\"inLanguage\":\"es\",\"@id\":\"https:\\\/\\\/aquakita.com\\\/br\\\/#\\\/schema\\\/logo\\\/image\\\/\",\"url\":\"https:\\\/\\\/aquakita.com\\\/br\\\/wp-content\\\/uploads\\\/2025\\\/02\\\/logo-aquakita-header.png\",\"contentUrl\":\"https:\\\/\\\/aquakita.com\\\/br\\\/wp-content\\\/uploads\\\/2025\\\/02\\\/logo-aquakita-header.png\",\"width\":300,\"height\":236,\"caption\":\"Aquakita\"},\"image\":{\"@id\":\"https:\\\/\\\/aquakita.com\\\/br\\\/#\\\/schema\\\/logo\\\/image\\\/\"}}]}<\/script>\n<!-- \/ Yoast SEO plugin. -->","yoast_head_json":{"title":"PARQUE ACU\u00c1TICO XOCOMIL - Aquakita","robots":{"index":"index","follow":"follow","max-snippet":"max-snippet:-1","max-image-preview":"max-image-preview:large","max-video-preview":"max-video-preview:-1"},"canonical":"https:\/\/aquakita.com\/br\/projetos\/parque-acuatico-xocomil\/","og_locale":"es_ES","og_type":"article","og_title":"PARQUE ACU\u00c1TICO XOCOMIL - Aquakita","og_description":"PARQUE ACU\u00c1TICO XOCOMIL CONT\u00c1CTANOS Es un parque ubicado en Quetzaltenango por la costa sur de Guatemala, en donde puedes disfrutar los m\u00e1s impresionantes juegos acu\u00e1ticos en medio de una exuberante vegetaci\u00f3n y ambiente que nos muestra la imponente arquitectura Maya, asimismo lo m\u00e1s moderno en equipo, instalaciones y comodidades de un parque Acu\u00e1tico de clase&hellip; Seguir leyendo PARQUE ACU\u00c1TICO XOCOMIL","og_url":"https:\/\/aquakita.com\/br\/projetos\/parque-acuatico-xocomil\/","og_site_name":"Aquakita","article_modified_time":"2025-05-26T04:54:41+00:00","og_image":[{"width":891,"height":600,"url":"https:\/\/aquakita.com\/br\/wp-content\/uploads\/2025\/05\/T-700-XOCOMIL.jpg","type":"image\/jpeg"}],"twitter_card":"summary_large_image","twitter_misc":{"Tiempo de lectura":"1 minuto"},"schema":{"@context":"https:\/\/schema.org","@graph":[{"@type":"WebPage","@id":"https:\/\/aquakita.com\/br\/projetos\/parque-acuatico-xocomil\/","url":"https:\/\/aquakita.com\/br\/projetos\/parque-acuatico-xocomil\/","name":"PARQUE ACU\u00c1TICO XOCOMIL - Aquakita","isPartOf":{"@id":"https:\/\/aquakita.com\/br\/#website"},"primaryImageOfPage":{"@id":"https:\/\/aquakita.com\/br\/projetos\/parque-acuatico-xocomil\/#primaryimage"},"image":{"@id":"https:\/\/aquakita.com\/br\/projetos\/parque-acuatico-xocomil\/#primaryimage"},"thumbnailUrl":"https:\/\/aquakita.com\/br\/wp-content\/uploads\/2025\/05\/T-700-XOCOMIL.jpg","datePublished":"2025-05-02T23:10:54+00:00","dateModified":"2025-05-26T04:54:41+00:00","breadcrumb":{"@id":"https:\/\/aquakita.com\/br\/projetos\/parque-acuatico-xocomil\/#breadcrumb"},"inLanguage":"es","potentialAction":[{"@type":"ReadAction","target":["https:\/\/aquakita.com\/br\/projetos\/parque-acuatico-xocomil\/"]}]},{"@type":"ImageObject","inLanguage":"es","@id":"https:\/\/aquakita.com\/br\/projetos\/parque-acuatico-xocomil\/#primaryimage","url":"https:\/\/aquakita.com\/br\/wp-content\/uploads\/2025\/05\/T-700-XOCOMIL.jpg","contentUrl":"https:\/\/aquakita.com\/br\/wp-content\/uploads\/2025\/05\/T-700-XOCOMIL.jpg","width":891,"height":600},{"@type":"BreadcrumbList","@id":"https:\/\/aquakita.com\/br\/projetos\/parque-acuatico-xocomil\/#breadcrumb","itemListElement":[{"@type":"ListItem","position":1,"name":"Portada","item":"https:\/\/aquakita.com\/br\/"},{"@type":"ListItem","position":2,"name":"PROJETOS","item":"https:\/\/aquakita.com\/br\/projetos\/"},{"@type":"ListItem","position":3,"name":"PARQUE ACU\u00c1TICO XOCOMIL"}]},{"@type":"WebSite","@id":"https:\/\/aquakita.com\/br\/#website","url":"https:\/\/aquakita.com\/br\/","name":"Aquakita","description":"La mejor soluci\u00f3n para Juegos Acu\u00e1ticos","publisher":{"@id":"https:\/\/aquakita.com\/br\/#organization"},"potentialAction":[{"@type":"SearchAction","target":{"@type":"EntryPoint","urlTemplate":"https:\/\/aquakita.com\/br\/?s={search_term_string}"},"query-input":{"@type":"PropertyValueSpecification","valueRequired":true,"valueName":"search_term_string"}}],"inLanguage":"es"},{"@type":"Organization","@id":"https:\/\/aquakita.com\/br\/#organization","name":"Aquakita","url":"https:\/\/aquakita.com\/br\/","logo":{"@type":"ImageObject","inLanguage":"es","@id":"https:\/\/aquakita.com\/br\/#\/schema\/logo\/image\/","url":"https:\/\/aquakita.com\/br\/wp-content\/uploads\/2025\/02\/logo-aquakita-header.png","contentUrl":"https:\/\/aquakita.com\/br\/wp-content\/uploads\/2025\/02\/logo-aquakita-header.png","width":300,"height":236,"caption":"Aquakita"},"image":{"@id":"https:\/\/aquakita.com\/br\/#\/schema\/logo\/image\/"}}]}},"_links":{"self":[{"href":"https:\/\/aquakita.com\/br\/wp-json\/wp\/v2\/pages\/2638","targetHints":{"allow":["GET"]}}],"collection":[{"href":"https:\/\/aquakita.com\/br\/wp-json\/wp\/v2\/pages"}],"about":[{"href":"https:\/\/aquakita.com\/br\/wp-json\/wp\/v2\/types\/page"}],"author":[{"embeddable":true,"href":"https:\/\/aquakita.com\/br\/wp-json\/wp\/v2\/users\/1"}],"replies":[{"embeddable":true,"href":"https:\/\/aquakita.com\/br\/wp-json\/wp\/v2\/comments?post=2638"}],"version-history":[{"count":7,"href":"https:\/\/aquakita.com\/br\/wp-json\/wp\/v2\/pages\/2638\/revisions"}],"predecessor-version":[{"id":3547,"href":"https:\/\/aquakita.com\/br\/wp-json\/wp\/v2\/pages\/2638\/revisions\/3547"}],"up":[{"embeddable":true,"href":"https:\/\/aquakita.com\/br\/wp-json\/wp\/v2\/pages\/1667"}],"wp:featuredmedia":[{"embeddable":true,"href":"https:\/\/aquakita.com\/br\/wp-json\/wp\/v2\/media\/2747"}],"wp:attachment":[{"href":"https:\/\/aquakita.com\/br\/wp-json\/wp\/v2\/media?parent=2638"}],"curies":[{"name":"wp","href":"https:\/\/api.w.org\/{rel}","templated":true}]}}